{"id":4970,"date":"2024-09-11T09:33:17","date_gmt":"2024-09-11T09:33:17","guid":{"rendered":"https:\/\/www.galrao.com\/importados-pretos\/"},"modified":"2024-09-21T09:07:07","modified_gmt":"2024-09-21T09:07:07","slug":"importados-pretos","status":"publish","type":"page","link":"https:\/\/www.galrao.com\/en\/importados-pretos\/","title":{"rendered":"Black Imported Stone"},"content":{"rendered":"<div class=\"wpb-content-wrapper\"><p>[vc_row css_animation=&#8221;&#8221; row_type=&#8221;row&#8221; use_row_as_full_screen_section=&#8221;no&#8221; type=&#8221;full_width&#8221; angled_section=&#8221;no&#8221; text_align=&#8221;left&#8221; background_image_as_pattern=&#8221;without_pattern&#8221; z_index=&#8221;&#8221; el_class=&#8221;header_titulo&#8221; css=&#8221;.vc_custom_1726823520678{background-image: url(https:\/\/www.galrao.com\/wp-content\/uploads\/2024\/09\/preto-fossil-cover.jpg?id=2713) !important;background-position: center !important;background-repeat: no-repeat !important;background-size: cover !important;}&#8221;][vc_column width=&#8221;1\/2&#8243; css=&#8221;.vc_custom_1718643770401{margin-top: 300px !important;}&#8221;][\/vc_column][vc_column width=&#8221;1\/2&#8243; css=&#8221;.vc_custom_1719495576277{padding-top: 100px !important;padding-right: 10vw !important;padding-bottom: 100px !important;padding-left: 10vw !important;background-color: #f4f4f4 !important;}&#8221;][vc_column_text css=&#8221;.vc_custom_1726868319450{padding-bottom: 20px !important;}&#8221;]<\/p>\n<h6>Importados<\/h6>\n<h1>Pedra Natural Preta<\/h1>\n<p>[\/vc_column_text][vc_column_text css=&#8221;.vc_custom_1726868335233{padding-bottom: 30px !important;}&#8221;]Imponente e intemporal, a pedra natural preta confere a qualquer espa\u00e7o um toque de sofistica\u00e7\u00e3o e luxo incompar\u00e1vel.[\/vc_column_text][\/vc_column][\/vc_row][vc_row css_animation=&#8221;&#8221; row_type=&#8221;row&#8221; use_row_as_full_screen_section=&#8221;no&#8221; type=&#8221;full_width&#8221; angled_section=&#8221;no&#8221; text_align=&#8221;left&#8221; background_image_as_pattern=&#8221;without_pattern&#8221; z_index=&#8221;&#8221; css=&#8221;.vc_custom_1726041115199{margin-right: 0px !important;margin-left: 0px !important;padding-top: 50px !important;background-color: #ffffff !important;}&#8221;][vc_column width=&#8221;1\/12&#8243;][\/vc_column][vc_column width=&#8221;1\/6&#8243; css=&#8221;.vc_custom_1726041178681{padding-right: 0px !important;padding-left: 0px !important;}&#8221; el_class=&#8221;div_top_z_index&#8221;][vc_widget_sidebar sidebar_id=&#8221;Menu Importados Lateral PT&#8221; el_class=&#8221;menu_produtos_lateral&#8221;][\/vc_column][vc_column width=&#8221;2\/3&#8243;][vc_basic_grid post_type=&#8221;post&#8221; max_items=&#8221;-1&#8243; element_width=&#8221;6&#8243; orderby=&#8221;title&#8221; order=&#8221;ASC&#8221; item=&#8221;4205&#8243; css=&#8221;&#8221; grid_id=&#8221;vc_gid:1726868214477-f0eba53e-d5f3-4&#8243; taxonomies=&#8221;68&#8243;][\/vc_column][vc_column width=&#8221;1\/12&#8243;][\/vc_column][\/vc_row]<\/p>\n<\/div>","protected":false},"excerpt":{"rendered":"<p>[vc_row css_animation=&#8221;&#8221; row_type=&#8221;row&#8221; use_row_as_full_screen_section=&#8221;no&#8221; type=&#8221;full_width&#8221; angled_section=&#8221;no&#8221; text_align=&#8221;left&#8221; background_image_as_pattern=&#8221;without_pattern&#8221; z_index=&#8221;&#8221; el_class=&#8221;header_titulo&#8221; css=&#8221;.vc_custom_1726823520678{background-image: url(https:\/\/www.galrao.com\/wp-content\/uploads\/2024\/09\/preto-fossil-cover.jpg?id=2713) !important;background-position: center !important;background-repeat: no-repeat !important;background-size: cover !important;}&#8221;][vc_column width=&#8221;1\/2&#8243; css=&#8221;.vc_custom_1718643770401{margin-top: 300px !important;}&#8221;][\/vc_column][vc_column width=&#8221;1\/2&#8243; css=&#8221;.vc_custom_1719495576277{padding-top: 100px !important;padding-right: 10vw !important;padding-bottom: 100px !important;padding-left: 10vw !important;background-color: #f4f4f4 !important;}&#8221;][vc_column_text css=&#8221;.vc_custom_1726868319450{padding-bottom: 20px !important;}&#8221;] Importados Pedra Natural Preta [\/vc_column_text][vc_column_text css=&#8221;.vc_custom_1726868335233{padding-bottom: 30px&#8230;<\/p>\n","protected":false},"author":1,"featured_media":2714,"parent":0,"menu_order":5,"comment_status":"closed","ping_status":"closed","template":"full_width.php","meta":{"_acf_changed":false,"_monsterinsights_skip_tracking":false,"_monsterinsights_sitenote_active":false,"_monsterinsights_sitenote_note":"","_monsterinsights_sitenote_category":0,"footnotes":""},"class_list":["post-4970","page","type-page","status-publish","has-post-thumbnail","hentry"],"acf":[],"_links":{"self":[{"href":"https:\/\/www.galrao.com\/en\/wp-json\/wp\/v2\/pages\/4970","targetHints":{"allow":["GET"]}}],"collection":[{"href":"https:\/\/www.galrao.com\/en\/wp-json\/wp\/v2\/pages"}],"about":[{"href":"https:\/\/www.galrao.com\/en\/wp-json\/wp\/v2\/types\/page"}],"author":[{"embeddable":true,"href":"https:\/\/www.galrao.com\/en\/wp-json\/wp\/v2\/users\/1"}],"replies":[{"embeddable":true,"href":"https:\/\/www.galrao.com\/en\/wp-json\/wp\/v2\/comments?post=4970"}],"version-history":[{"count":2,"href":"https:\/\/www.galrao.com\/en\/wp-json\/wp\/v2\/pages\/4970\/revisions"}],"predecessor-version":[{"id":5070,"href":"https:\/\/www.galrao.com\/en\/wp-json\/wp\/v2\/pages\/4970\/revisions\/5070"}],"wp:featuredmedia":[{"embeddable":true,"href":"https:\/\/www.galrao.com\/en\/wp-json\/wp\/v2\/media\/2714"}],"wp:attachment":[{"href":"https:\/\/www.galrao.com\/en\/wp-json\/wp\/v2\/media?parent=4970"}],"curies":[{"name":"wp","href":"https:\/\/api.w.org\/{rel}","templated":true}]}}